{"id":50,"date":"2024-04-16T11:48:41","date_gmt":"2024-04-16T14:48:41","guid":{"rendered":"https:\/\/sirconsultores.cl\/?page_id=50"},"modified":"2024-06-27T14:11:54","modified_gmt":"2024-06-27T17:11:54","slug":"quienes-somos","status":"publish","type":"page","link":"https:\/\/sirconsultores.cl\/index.php\/quienes-somos\/","title":{"rendered":"Quienes somos"},"content":{"rendered":"\t\t<div data-elementor-type=\"wp-page\" data-elementor-id=\"50\" class=\"elementor elementor-50\">\n\t\t\t\t<div class=\"elementor-element elementor-element-6370597 e-flex e-con-boxed e-con e-parent\" data-id=\"6370597\" data-element_type=\"container\" data-settings=\"{&quot;background_background&quot;:&quot;gradient&quot;}\">\n\t\t\t\t\t<div class=\"e-con-inner\">\n\t\t<div class=\"elementor-element elementor-element-e76edea e-con-full e-flex e-con e-child\" data-id=\"e76edea\" data-element_type=\"container\">\n\t\t<div class=\"elementor-element elementor-element-86016bc e-flex e-con-boxed e-con e-child\" data-id=\"86016bc\" data-element_type=\"container\">\n\t\t\t\t\t<div class=\"e-con-inner\">\n\t\t\t\t<div class=\"elementor-element elementor-element-3da8459 elementor-widget elementor-widget-heading\" data-id=\"3da8459\" data-element_type=\"widget\" data-widget_type=\"heading.default\">\n\t\t\t\t<div class=\"elementor-widget-container\">\n\t\t\t<style>\/*! elementor - v3.22.0 - 26-06-2024 *\/\n.elementor-heading-title{padding:0;margin:0;line-height:1}.elementor-widget-heading .elementor-heading-title[class*=elementor-size-]>a{color:inherit;font-size:inherit;line-height:inherit}.elementor-widget-heading .elementor-heading-title.elementor-size-small{font-size:15px}.elementor-widget-heading .elementor-heading-title.elementor-size-medium{font-size:19px}.elementor-widget-heading .elementor-heading-title.elementor-size-large{font-size:29px}.elementor-widget-heading .elementor-heading-title.elementor-size-xl{font-size:39px}.elementor-widget-heading .elementor-heading-title.elementor-size-xxl{font-size:59px}<\/style><h2 class=\"elementor-heading-title elementor-size-default\">Quienes somos<\/h2>\t\t<\/div>\n\t\t\t\t<\/div>\n\t\t\t\t\t<\/div>\n\t\t\t\t<\/div>\n\t\t\t\t<div class=\"elementor-element elementor-element-454e0fe elementor-widget elementor-widget-text-editor\" data-id=\"454e0fe\" data-element_type=\"widget\" data-widget_type=\"text-editor.default\">\n\t\t\t\t<div class=\"elementor-widget-container\">\n\t\t\t<style>\/*! elementor - v3.22.0 - 26-06-2024 *\/\n.elementor-widget-text-editor.elementor-drop-cap-view-stacked .elementor-drop-cap{background-color:#69727d;color:#fff}.elementor-widget-text-editor.elementor-drop-cap-view-framed .elementor-drop-cap{color:#69727d;border:3px solid;background-color:transparent}.elementor-widget-text-editor:not(.elementor-drop-cap-view-default) .elementor-drop-cap{margin-top:8px}.elementor-widget-text-editor:not(.elementor-drop-cap-view-default) .elementor-drop-cap-letter{width:1em;height:1em}.elementor-widget-text-editor .elementor-drop-cap{float:left;text-align:center;line-height:1;font-size:50px}.elementor-widget-text-editor .elementor-drop-cap-letter{display:inline-block}<\/style>\t\t\t\t<p>SIR Consultores S.A. es una marca de la empresa DS Vision &amp; Quality SAC, empresa de asesor\u00eda y consultor\u00eda empresarial creada en el norte de Chile en el a\u00f1o 2006.<\/p>\n<p>Continuadora de DS Vision, SIR Consultores S.A. se relanza el a\u00f1o 2011 con una propuesta innovadora para el desarrollo empresarial en \u00e1reas de Turismo, Educaci\u00f3n y Cultura, Formaci\u00f3n, Fomento Productivo, Gastronom\u00eda, Patrimonio, Normas de Calidad, Sustentabilidad, Auditor\u00edas, Sistemas de Gesti\u00f3n Tur\u00edstica, entre otros.<\/p>\t\t\t\t\t\t<\/div>\n\t\t\t\t<\/div>\n\t\t\t\t<\/div>\n\t\t<div class=\"elementor-element elementor-element-cf59649 e-con-full e-flex e-con e-child\" data-id=\"cf59649\" data-element_type=\"container\">\n\t\t\t\t<div class=\"elementor-element elementor-element-8e5992a elementor-widget elementor-widget-text-editor\" data-id=\"8e5992a\" data-element_type=\"widget\" data-widget_type=\"text-editor.default\">\n\t\t\t\t<div class=\"elementor-widget-container\">\n\t\t\t\t\t\t\t<p>Creada con el prop\u00f3sito de entregar a las micro, peque\u00f1as y medianas empresas del pa\u00eds, las herramientas necesarias para lograr el \u00e9xito en la gesti\u00f3n de los negocios y el aseguramiento de la calidad de los servicios y productos ofrecidos, a trav\u00e9s una asesor\u00eda personalizada que incorpore estrategias de desarrollo empresarial, dise\u00f1adas especialmente para las empresas. Son cientos los clientes que han conocido la entrega y dedicaci\u00f3n de los servicios de la consultora, con proyectos s\u00f3lidos, que atendieron a los requerimientos de desarrollo competitivo y estandarizaci\u00f3n.<\/p><p>En la actualidad, SIR Consultores S.A. es conformada por una amplia red interdisciplinaria de profesionales con experiencia y conocimiento t\u00e9cnico que trabajan comprometi\u00e9ndose con nuestros clientes y su desarrollo y que presta servicios, tanto a instituciones p\u00fablicas como privadas, ejecutando con un alto nivel de profesionalismo y calidad los programas de apoyo a las MIPYMES.<\/p>\t\t\t\t\t\t<\/div>\n\t\t\t\t<\/div>\n\t\t\t\t<\/div>\n\t\t\t\t\t<\/div>\n\t\t\t\t<\/div>\n\t\t<div class=\"elementor-element elementor-element-6bf3fe4 e-flex e-con-boxed e-con e-parent\" data-id=\"6bf3fe4\" data-element_type=\"container\" data-settings=\"{&quot;background_background&quot;:&quot;classic&quot;}\">\n\t\t\t\t\t<div class=\"e-con-inner\">\n\t\t\t\t<div class=\"elementor-element elementor-element-d4f7ace elementor-widget elementor-widget-heading\" data-id=\"d4f7ace\" data-element_type=\"widget\" data-widget_type=\"heading.default\">\n\t\t\t\t<div class=\"elementor-widget-container\">\n\t\t\t<h1 class=\"elementor-heading-title elementor-size-default\">Queremos contribuir de manera significativa al mejoramiento competitivo de las empresas del norte de Chile.<\/h1>\t\t<\/div>\n\t\t\t\t<\/div>\n\t\t\t\t\t<\/div>\n\t\t\t\t<\/div>\n\t\t<div class=\"elementor-element elementor-element-a14c941 e-flex e-con-boxed e-con e-parent\" data-id=\"a14c941\" data-element_type=\"container\">\n\t\t\t\t\t<div class=\"e-con-inner\">\n\t\t<div class=\"elementor-element elementor-element-4c45f9a e-con-full e-flex e-con e-child\" data-id=\"4c45f9a\" data-element_type=\"container\">\n\t\t\t\t<div class=\"elementor-element elementor-element-363256e elementor-widget elementor-widget-image\" data-id=\"363256e\" data-element_type=\"widget\" data-widget_type=\"image.default\">\n\t\t\t\t<div class=\"elementor-widget-container\">\n\t\t\t<style>\/*! elementor - v3.22.0 - 26-06-2024 *\/\n.elementor-widget-image{text-align:center}.elementor-widget-image a{display:inline-block}.elementor-widget-image a img[src$=\".svg\"]{width:48px}.elementor-widget-image img{vertical-align:middle;display:inline-block}<\/style>\t\t\t\t\t\t\t\t\t\t<img fetchpriority=\"high\" decoding=\"async\" width=\"761\" height=\"1024\" src=\"https:\/\/sirconsultores.cl\/wp-content\/uploads\/2024\/06\/romina-761x1024.png\" class=\"attachment-large size-large wp-image-709\" alt=\"\" srcset=\"https:\/\/sirconsultores.cl\/wp-content\/uploads\/2024\/06\/romina-761x1024.png 761w, https:\/\/sirconsultores.cl\/wp-content\/uploads\/2024\/06\/romina-223x300.png 223w, https:\/\/sirconsultores.cl\/wp-content\/uploads\/2024\/06\/romina-768x1034.png 768w, https:\/\/sirconsultores.cl\/wp-content\/uploads\/2024\/06\/romina.png 951w\" sizes=\"(max-width: 761px) 100vw, 761px\" \/>\t\t\t\t\t\t\t\t\t\t\t\t\t<\/div>\n\t\t\t\t<\/div>\n\t\t\t\t<\/div>\n\t\t<div class=\"elementor-element elementor-element-bea606a e-con-full e-flex e-con e-child\" data-id=\"bea606a\" data-element_type=\"container\">\n\t\t\t\t<div class=\"elementor-element elementor-element-4a334e9 elementor-widget elementor-widget-heading\" data-id=\"4a334e9\" data-element_type=\"widget\" data-widget_type=\"heading.default\">\n\t\t\t\t<div class=\"elementor-widget-container\">\n\t\t\t<h5 class=\"elementor-heading-title elementor-size-default\">Romina Sir Villablanca<\/h5>\t\t<\/div>\n\t\t\t\t<\/div>\n\t\t\t\t<div class=\"elementor-element elementor-element-3b25060 elementor-widget elementor-widget-heading\" data-id=\"3b25060\" data-element_type=\"widget\" data-widget_type=\"heading.default\">\n\t\t\t\t<div class=\"elementor-widget-container\">\n\t\t\t<h5 class=\"elementor-heading-title elementor-size-default\">Gerente general<\/h5>\t\t<\/div>\n\t\t\t\t<\/div>\n\t\t\t\t<div class=\"elementor-element elementor-element-59ee239 elementor-widget elementor-widget-text-editor\" data-id=\"59ee239\" data-element_type=\"widget\" data-widget_type=\"text-editor.default\">\n\t\t\t\t<div class=\"elementor-widget-container\">\n\t\t\t\t\t\t\t<p>Ingeniero Ejecuci\u00f3n Industrial, con habilidades en planificaci\u00f3n y liderazgo de grupos de trabajo, manejo de buenas relaciones interpersonales. Con inter\u00e9s en formar parte de proyectos innovadores, comerciales y operativos, que generen resultados positivos para las organizaciones. Ha estado vinculada al sector privado y p\u00fablico en \u00e1reas de consultor\u00eda, con m\u00e1s de 18 a\u00f1os de experiencia en formulaci\u00f3n, gesti\u00f3n y ejecuci\u00f3n de programas e instrumentos de fomento y competitividad, gesti\u00f3n comercial, desarrollo de proyectos en las \u00e1reas de emprendimiento, innovaci\u00f3n, sistemas de calidad ISO 9001, entre otros.<br>En los \u00faltimos a\u00f1os ha enfocado su desempe\u00f1o liderando proyectos principalmente en el \u00e1rea de fomento, competitividad, cultura &#8211; educaci\u00f3n y consultor\u00eda a organizaciones p\u00fablicas y privadas de diverso sectores y tama\u00f1os. Adem\u00e1s, ha sido Jefa de Proyecto para CONADI en proyectos de la Unidad de Desarrollo, y Unidad de Cultura y Educaci\u00f3n. En tanto para CORFO, ha sido jefa de proyectos de PROFOs (proyectos de fomento asociativo), Programas de emprendimiento local, Nodos para la competitividad y proyectos de Difusi\u00f3n tecnol\u00f3gica, entre otros. Tambi\u00e9n ha sido jefa de proyectos para la Municipalidad de Arica a trav\u00e9s del PRBIPE en consultor\u00eda para mejoramiento de la competitividad.<\/p>\t\t\t\t\t\t<\/div>\n\t\t\t\t<\/div>\n\t\t\t\t<\/div>\n\t\t\t\t\t<\/div>\n\t\t\t\t<\/div>\n\t\t\t\t<\/div>\n\t\t","protected":false},"excerpt":{"rendered":"<p>Quienes somos SIR Consultores S.A. es una marca de la empresa DS Vision &amp; Quality SAC, empresa de asesor\u00eda y consultor\u00eda empresarial creada en el norte de Chile en el a\u00f1o 2006. Continuadora de DS Vision, SIR Consultores S.A. se relanza el a\u00f1o 2011 con una propuesta innovadora para el desarrollo empresarial en \u00e1reas de [&hellip;]<\/p>\n","protected":false},"author":1,"featured_media":0,"parent":0,"menu_order":0,"comment_status":"closed","ping_status":"closed","template":"elementor_header_footer","meta":{"footnotes":""},"class_list":["post-50","page","type-page","status-publish","hentry"],"_links":{"self":[{"href":"https:\/\/sirconsultores.cl\/index.php\/wp-json\/wp\/v2\/pages\/50","targetHints":{"allow":["GET"]}}],"collection":[{"href":"https:\/\/sirconsultores.cl\/index.php\/wp-json\/wp\/v2\/pages"}],"about":[{"href":"https:\/\/sirconsultores.cl\/index.php\/wp-json\/wp\/v2\/types\/page"}],"author":[{"embeddable":true,"href":"https:\/\/sirconsultores.cl\/index.php\/wp-json\/wp\/v2\/users\/1"}],"replies":[{"embeddable":true,"href":"https:\/\/sirconsultores.cl\/index.php\/wp-json\/wp\/v2\/comments?post=50"}],"version-history":[{"count":43,"href":"https:\/\/sirconsultores.cl\/index.php\/wp-json\/wp\/v2\/pages\/50\/revisions"}],"predecessor-version":[{"id":984,"href":"https:\/\/sirconsultores.cl\/index.php\/wp-json\/wp\/v2\/pages\/50\/revisions\/984"}],"wp:attachment":[{"href":"https:\/\/sirconsultores.cl\/index.php\/wp-json\/wp\/v2\/media?parent=50"}],"curies":[{"name":"wp","href":"https:\/\/api.w.org\/{rel}","templated":true}]}}